{"id":20631,"date":"2014-07-09T07:52:09","date_gmt":"2014-07-09T07:52:09","guid":{"rendered":"http:\/\/demo.select-themes.com\/stockholm2\/?page_id=20631"},"modified":"2016-05-09T17:55:31","modified_gmt":"2016-05-09T17:55:31","slug":"home-business","status":"publish","type":"page","link":"https:\/\/www.ejercitogas.com\/","title":{"rendered":"Inicio"},"content":{"rendered":"<div     class=\"vc_row wpb_row section vc_row-fluid\" style='background-color:#ffffff; text-align:left;'><div class=\" full_section_inner clearfix\">\n\t<div class=\"vc_col-sm-12 wpb_column vc_column_container \">\n\t\t<div class=\"wpb_wrapper\">\n\t\t\t<div     class=\"vc_row wpb_row section vc_inner vc_row-fluid grid_section\" style='background-color:#ffffff; padding-top:70px; padding-bottom:65px; text-align:left;'><div class=\" section_inner clearfix\"><div class='section_inner_margin clearfix'>\n\t<div class=\"vc_col-sm-12 wpb_column vc_column_container \">\n\t\t<div class=\"wpb_wrapper\">\n\t\t\t\n\t<div class=\"wpb_text_column wpb_content_element \">\n\t\t<div class=\"wpb_wrapper\">\n\t\t\t<h2>GASOLINERA EJERCITO GAS<\/h2>\n\n\t\t<\/div> \n\t<\/div> <div class=\"separator  transparent center  \" style=\"margin-top:35px;margin-bottom:0px\"><\/div>\n\n\t<div class=\"wpb_text_column wpb_content_element \">\n\t\t<div class=\"wpb_wrapper\">\n\t\t\t<ul>\n<li>Ejercitogas trabajamos d\u00eda con d\u00eda para brindarles a todos nuestros clientes un servicio de calidad. La atenci\u00f3n y el servicio son prioridad en Ejercitogas con la finalidad de satisfacer las necesidades de nuestros clientes. Contamos con la alta tecnolog\u00eda y excelentes sistemas de operaci\u00f3n.<\/li>\n<\/ul>\n\n\t\t<\/div> \n\t<\/div> \n\t\t<\/div> \n\t<\/div> \n<\/div><\/div><\/div>\n\t\t<\/div> \n\t<\/div> \n<\/div><\/div><div     class=\"vc_row wpb_row section vc_row-fluid\" style='background-color:#f5f5f5; text-align:left;'><div class=\" full_section_inner clearfix\">\n\t<div class=\"vc_col-sm-12 wpb_column vc_column_container \">\n\t\t<div class=\"wpb_wrapper\">\n\t\t\t<div     class=\"vc_row wpb_row section vc_inner vc_row-fluid grid_section\" style='background-color:#f5f5f5; padding-top:85px; padding-bottom:55px; text-align:left;'><div class=\" section_inner clearfix\"><div class='section_inner_margin clearfix'>\n\t<div class=\"vc_col-sm-4 wpb_column vc_column_container \">\n\t\t<div class=\"wpb_wrapper\">\n\t\t\t\n\t<div class=\"wpb_text_column wpb_content_element \">\n\t\t<div class=\"wpb_wrapper\">\n\t\t\t<h5>ATENCI\u00d3N AL CLIENTE<\/h5>\n\n\t\t<\/div> \n\t<\/div> <div class=\"separator  transparent center  \" style=\"margin-top:17px;margin-bottom:0px\"><\/div>\n\n\t<div class=\"wpb_text_column wpb_content_element \">\n\t\t<div class=\"wpb_wrapper\">\n\t\t\t<ul>\n<li>Ofrecemos a nuestros clientes el mejor servicio, capacitando a cada uno de nuestros empleados para brindarle una mejor atenci\u00f3n. Cuidando siempre el valor humano y el respeto a las personas.<\/li>\n<\/ul>\n\n\t\t<\/div> \n\t<\/div> <div class=\"separator  transparent center  \" style=\"margin-top:40px;margin-bottom:0px\"><\/div>\n\n\t\t<\/div> \n\t<\/div> \n\n\t<div class=\"vc_col-sm-4 wpb_column vc_column_container \">\n\t\t<div class=\"wpb_wrapper\">\n\t\t\t\n\t<div class=\"wpb_text_column wpb_content_element \">\n\t\t<div class=\"wpb_wrapper\">\n\t\t\t<h5>TRANSPARENCIA<\/h5>\n\n\t\t<\/div> \n\t<\/div> <div class=\"separator  transparent center  \" style=\"margin-top:17px;margin-bottom:0px\"><\/div>\n\n\t<div class=\"wpb_text_column wpb_content_element \">\n\t\t<div class=\"wpb_wrapper\">\n\t\t\t<ul>\n<li>En Ejercitogas Manejamos con responsabilidad y transparencia en el surtido de combustible y mostramos respeto y honestidad a nuestros clientes .Promoviendo as\u00ed los valores de respeto y\u00a0veracidad.<strong>\u00a0<\/strong><\/li>\n<\/ul>\n\n\t\t<\/div> \n\t<\/div> <div class=\"separator  transparent center  \" style=\"margin-top:40px;margin-bottom:0px\"><\/div>\n\n\t\t<\/div> \n\t<\/div> \n\n\t<div class=\"vc_col-sm-4 wpb_column vc_column_container \">\n\t\t<div class=\"wpb_wrapper\">\n\t\t\t\n\t<div class=\"wpb_text_column wpb_content_element \">\n\t\t<div class=\"wpb_wrapper\">\n\t\t\t<h5>PRODUCTO DE ALTA CALIDAD<\/h5>\n\n\t\t<\/div> \n\t<\/div> <div class=\"separator  transparent center  \" style=\"margin-top:17px;margin-bottom:0px\"><\/div>\n\n\t<div class=\"wpb_text_column wpb_content_element \">\n\t\t<div class=\"wpb_wrapper\">\n\t\t\t<ul>\n<li>Todos nuestros procesos son meticulosos para tener siempre un producto de alta calidad, as\u00ed como en el combustible como en nuestro servicio. La calidad es un valor agregado fundamental en Ejercitogas ofreciendo un servicio de calidad.<\/li>\n<\/ul>\n\n\t\t<\/div> \n\t<\/div> <div class=\"separator  transparent center  \" style=\"margin-top:40px;margin-bottom:0px\"><\/div>\n\n\t\t<\/div> \n\t<\/div> \n<\/div><\/div><\/div>\n\t\t<\/div> \n\t<\/div> \n<\/div><\/div><div     class=\"vc_row wpb_row section vc_row-fluid\" style='background-color:#f8f8f8; text-align:left;'><div class=\" full_section_inner clearfix\">\n\t<div class=\"vc_col-sm-12 wpb_column vc_column_container \">\n\t\t<div class=\"wpb_wrapper\">\n\t\t\t<div     class=\"vc_row wpb_row section vc_inner vc_row-fluid grid_section\" style=' padding-top:55px; text-align:left;'><div class=\" section_inner clearfix\"><div class='section_inner_margin clearfix'>\n\t<div class=\"vc_col-sm-4 wpb_column vc_column_container \">\n\t\t<div class=\"wpb_wrapper\">\n\t\t\t\n\t<div class=\"wpb_single_image wpb_content_element vc_align_left\">\n\t\t<div>\n\t\t<div class=\"wpb_wrapper\">\n\t\t\t\n\t\t\t<a href=\"https:\/\/www.ejercitogas.com\/wp-content\/uploads\/2014\/07\/tarjetas-credito.jpg\" target=\"_self\"><div class=\"vc_single_image-wrapper   vc_box_border_grey\"><img loading=\"lazy\" decoding=\"async\" width=\"640\" height=\"384\" src=\"https:\/\/www.ejercitogas.com\/wp-content\/uploads\/2014\/07\/tarjetas-credito.jpg\" class=\"vc_single_image-img attachment-full\" alt=\"\" srcset=\"https:\/\/www.ejercitogas.com\/wp-content\/uploads\/2014\/07\/tarjetas-credito.jpg 640w, https:\/\/www.ejercitogas.com\/wp-content\/uploads\/2014\/07\/tarjetas-credito-300x180.jpg 300w\" sizes=\"auto, (max-width: 640px) 100vw, 640px\" \/><\/div><\/a>\n\t\t<\/div> \n\t\t<\/div>\n\t<\/div> \n\t\t<\/div> \n\t<\/div> \n\n\t<div class=\"vc_col-sm-8 wpb_column vc_column_container \">\n\t\t<div class=\"wpb_wrapper\">\n\t\t\t<div class=\"separator  transparent center  \" style=\"margin-top:15px;margin-bottom:0px\"><\/div>\n\n\t<div class=\"wpb_text_column wpb_content_element \">\n\t\t<div class=\"wpb_wrapper\">\n\t\t\t<h2>TARJETAS DE CR\u00c9DITO Y PREPAGO<\/h2>\n\n\t\t<\/div> \n\t<\/div> <div class=\"separator  transparent center  \" style=\"margin-top:40px;margin-bottom:0px\"><\/div>\n\n\t<div class=\"wpb_text_column wpb_content_element \">\n\t\t<div class=\"wpb_wrapper\">\n\t\t\t<ul>\n<li>En ejercitogas contamos con un \u00fatil servicio de cr\u00e9dito y pre pagos faciltando asi la forma de pago y generarle beneficios extras a nuestros clientes. Este servicio le permitir\u00e1 administrar su saldo de gasolina con eficacia. Nuestra plataforma virtual esta dise\u00f1ada \u00a0para la administraci\u00f3n de sus saldos y para consultar el consumo de gasolina de su auto.<\/li>\n<\/ul>\n\n\t\t<\/div> \n\t<\/div> <div class=\"separator  transparent center  \" style=\"margin-top:60px;margin-bottom:0px\"><\/div>\n<div class=\"separator  transparent center  \" style=\"margin-top:60px;margin-bottom:0px\"><\/div>\n\n\t\t<\/div> \n\t<\/div> \n<\/div><\/div><\/div>\n\t\t<\/div> \n\t<\/div> \n<\/div><\/div>\n","protected":false},"excerpt":{"rendered":"GASOLINERA EJERCITO GAS Ejercitogas trabajamos d\u00eda con d\u00eda para brindarles a todos nuestros clientes un servicio de calidad. La atenci\u00f3n y el servicio son prioridad en Ejercitogas con la finalidad de satisfacer las necesidades de nuestros clientes. Contamos con la alta tecnolog\u00eda y excelentes sistemas...","protected":false},"author":1,"featured_media":0,"parent":0,"menu_order":0,"comment_status":"open","ping_status":"open","template":"full_width.php","meta":{"footnotes":""},"class_list":["post-20631","page","type-page","status-publish","hentry"],"_links":{"self":[{"href":"https:\/\/www.ejercitogas.com\/index.php?rest_route=\/wp\/v2\/pages\/20631","targetHints":{"allow":["GET"]}}],"collection":[{"href":"https:\/\/www.ejercitogas.com\/index.php?rest_route=\/wp\/v2\/pages"}],"about":[{"href":"https:\/\/www.ejercitogas.com\/index.php?rest_route=\/wp\/v2\/types\/page"}],"author":[{"embeddable":true,"href":"https:\/\/www.ejercitogas.com\/index.php?rest_route=\/wp\/v2\/users\/1"}],"replies":[{"embeddable":true,"href":"https:\/\/www.ejercitogas.com\/index.php?rest_route=%2Fwp%2Fv2%2Fcomments&post=20631"}],"version-history":[{"count":23,"href":"https:\/\/www.ejercitogas.com\/index.php?rest_route=\/wp\/v2\/pages\/20631\/revisions"}],"predecessor-version":[{"id":21897,"href":"https:\/\/www.ejercitogas.com\/index.php?rest_route=\/wp\/v2\/pages\/20631\/revisions\/21897"}],"wp:attachment":[{"href":"https:\/\/www.ejercitogas.com\/index.php?rest_route=%2Fwp%2Fv2%2Fmedia&parent=20631"}],"curies":[{"name":"wp","href":"https:\/\/api.w.org\/{rel}","templated":true}]}}