{"id":20273,"date":"2014-07-07T14:26:05","date_gmt":"2014-07-07T14:26:05","guid":{"rendered":"http:\/\/demo.select-themes.com\/stockholm2\/?page_id=20273"},"modified":"2015-09-01T23:26:51","modified_gmt":"2015-09-01T23:26:51","slug":"prepago","status":"publish","type":"page","link":"https:\/\/www.ejercitogas.com\/?page_id=20273","title":{"rendered":"Prepago"},"content":{"rendered":"<div     class=\"vc_row wpb_row section vc_row-fluid\" style=' text-align:left;'><div class=\" full_section_inner clearfix\">\n\t<div class=\"vc_col-sm-12 wpb_column vc_column_container \">\n\t\t<div class=\"wpb_wrapper\">\n\t\t\t\n\t<div class=\"wpb_text_column wpb_content_element \">\n\t\t<div class=\"wpb_wrapper\">\n\t\t\t\n\t\t<\/div> \n\t<\/div> \n\t\t<\/div> \n\t<\/div> \n<\/div><\/div><div     class=\"vc_row wpb_row section vc_row-fluid grid_section\" style='background-color:#ffffff; padding-top:85px; padding-bottom:50px; text-align:left;'><div class=\" section_inner clearfix\"><div class='section_inner_margin clearfix'>\n\t<div class=\"vc_col-sm-4 wpb_column vc_column_container \">\n\t\t<div class=\"wpb_wrapper\">\n\t\t\t\n\t<div class=\"wpb_text_column wpb_content_element \">\n\t\t<div class=\"wpb_wrapper\">\n\t\t\t<h5>INNOVACI\u00d3N TECNOL\u00d3GICA<\/h5>\n\n\t\t<\/div> \n\t<\/div> <div class=\"separator  transparent center  \" style=\"border-width:1px;margin-top:20px;margin-bottom:0px\"><\/div>\n\n\t<div class=\"wpb_text_column wpb_content_element \">\n\t\t<div class=\"wpb_wrapper\">\n\t\t\t<ul>\n<li>Con este servicio puede administrar v\u00eda Internet en cualquier momento que usted desee. Tiene la libertad de establecer l\u00edmites de consumo por unidad\u00a0 as\u00ed como horarios de carga y otros servicios m\u00e1s para su seguridad.<\/li>\n<\/ul>\n\n\t\t<\/div> \n\t<\/div> <div class=\"separator  transparent center  \" style=\"margin-top:40px;margin-bottom:0px\"><\/div>\n\n\t\t<\/div> \n\t<\/div> \n\n\t<div class=\"vc_col-sm-4 wpb_column vc_column_container \">\n\t\t<div class=\"wpb_wrapper\">\n\t\t\t\n\t<div class=\"wpb_text_column wpb_content_element \">\n\t\t<div class=\"wpb_wrapper\">\n\t\t\t<h5>INFORMACI\u00d3N AL\u00a0INSTANTE<\/h5>\n\n\t\t<\/div> \n\t<\/div> <div class=\"separator  transparent center  \" style=\"border-width:1px;margin-top:20px;margin-bottom:0px\"><\/div>\n\n\t<div class=\"wpb_text_column wpb_content_element \">\n\t\t<div class=\"wpb_wrapper\">\n\t\t\t<ul>\n<li>Desde cualquier lugar que usted se encuentre siempre podr\u00e1 estar informado del consumo de combustible en cada carro flotilla de su empresa.<\/li>\n<\/ul>\n\n\t\t<\/div> \n\t<\/div> <div class=\"separator  transparent center  \" style=\"margin-top:40px;margin-bottom:0px\"><\/div>\n\n\t\t<\/div> \n\t<\/div> \n\n\t<div class=\"vc_col-sm-4 wpb_column vc_column_container \">\n\t\t<div class=\"wpb_wrapper\">\n\t\t\t\n\t<div class=\"wpb_text_column wpb_content_element \">\n\t\t<div class=\"wpb_wrapper\">\n\t\t\t<h5>FLOTILLAS<\/h5>\n\n\t\t<\/div> \n\t<\/div> <div class=\"separator  transparent center  \" style=\"border-width:1px;margin-top:20px;margin-bottom:0px\"><\/div>\n\n\t<div class=\"wpb_text_column wpb_content_element \">\n\t\t<div class=\"wpb_wrapper\">\n\t\t\t<ul>\n<li>Mant\u00e9ngase enterado en tiempo real del saldo de combustible cargado por unidad, el usuario de la unidad entre muchas cosas m\u00e1s.<\/li>\n<\/ul>\n\n\t\t<\/div> \n\t<\/div> <div class=\"separator  transparent center  \" style=\"margin-top:40px;margin-bottom:0px\"><\/div>\n\n\t\t<\/div> \n\t<\/div> \n<\/div><\/div><\/div><div     class=\"vc_row wpb_row section vc_row-fluid\" style='background-color:#f5f5f5; text-align:left;'><div class=\" full_section_inner clearfix\">\n\t<div class=\"vc_col-sm-12 wpb_column vc_column_container \">\n\t\t<div class=\"wpb_wrapper\">\n\t\t\t<div     class=\"vc_row wpb_row section vc_inner vc_row-fluid grid_section\" style='background-color:#f5f5f5; padding-top:100px; padding-bottom:25px; text-align:left;'><div class=\" section_inner clearfix\"><div class='section_inner_margin clearfix'>\n\t<div class=\"vc_col-sm-6 wpb_column vc_column_container \">\n\t\t<div class=\"wpb_wrapper\">\n\t\t\t<div class='q_icon_with_title  circle with_border_line'><div class=\"icon_holder \" style=\" \"><div class=\"icon_holder_inner\"><span class=\"q_font_elegant_holder circle  custom-font\" style=\"font-size: 28px;background-color: #1e73be;\"><span class=\"icon_text_icon q_font_elegant_icon icon_desktop\" aria-hidden=\"true\" style=\"font-size: 28px;\"><\/span><\/span><\/div><\/div><div class=\"icon_text_holder\" style=\"padding-left: 110px\"><div class=\"icon_text_inner\" style=\"\"><h6 class=\"icon_title\" style=\"\">SERVICIO PERSONALIZADO<\/h6><p style=''>\u2022 Tarjetas personalizadas con NIP de seguridad<\/p><\/div><\/div><\/div><div class=\"separator  transparent center  \" style=\"margin-top:25px;margin-bottom:0px\"><\/div>\n<div class='q_icon_with_title  circle with_border_line'><div class=\"icon_holder \" style=\" \"><div class=\"icon_holder_inner\"><span class=\"q_font_elegant_holder circle  custom-font\" style=\"font-size: 28px;background-color: #1e73be;\"><span class=\"icon_text_icon q_font_elegant_icon icon_comment_alt\" aria-hidden=\"true\" style=\"font-size: 28px;\"><\/span><\/span><\/div><\/div><div class=\"icon_text_holder\" style=\"padding-left: 110px\"><div class=\"icon_text_inner\" style=\"\"><h6 class=\"icon_title\" style=\"\">SEGURIDAD<\/h6><p style=''>\u2022 Evite el riesgo de que sus empleados porten alg\u00fan tipo de efectivo<\/p><\/div><\/div><\/div><div class=\"separator  transparent center  \" style=\"margin-top:25px;margin-bottom:0px\"><\/div>\n<div class='q_icon_with_title  circle with_border_line'><div class=\"icon_holder \" style=\" \"><div class=\"icon_holder_inner\"><span class=\"q_font_elegant_holder circle  custom-font\" style=\"font-size: 28px;background-color: #1e73be;\"><span class=\"icon_text_icon q_font_elegant_icon icon_camera_alt\" aria-hidden=\"true\" style=\"font-size: 28px;\"><\/span><\/span><\/div><\/div><div class=\"icon_text_holder\" style=\"padding-left: 110px\"><div class=\"icon_text_inner\" style=\"\"><h6 class=\"icon_title\" style=\"\">SEGUIMIENTO<\/h6><p style=''>\u2022 Monitoree el rendimiento de combustible en cada veh\u00edculo. <\/p><\/div><\/div><\/div><div class=\"separator  transparent center  \" style=\"margin-top:40px;margin-bottom:0px\"><\/div>\n\n\t\t<\/div> \n\t<\/div> \n\n\t<div class=\"vc_col-sm-6 wpb_column vc_column_container \">\n\t\t<div class=\"wpb_wrapper\">\n\t\t\t\n\t<div class=\"wpb_single_image wpb_content_element vc_align_center  element_from_left\">\n\t\t<div>\n\t\t<div class=\"wpb_wrapper\">\n\t\t\t\n\t\t\t<div class=\"vc_single_image-wrapper vc_box_shadow_3d  vc_box_border_grey\"><span class=\"vc_box_shadow_3d_wrap\"><img loading=\"lazy\" decoding=\"async\" width=\"400\" height=\"267\" src=\"https:\/\/www.ejercitogas.com\/wp-content\/uploads\/2014\/07\/flotilla.jpg\" class=\"vc_single_image-img attachment-full\" alt=\"\" srcset=\"https:\/\/www.ejercitogas.com\/wp-content\/uploads\/2014\/07\/flotilla.jpg 400w, https:\/\/www.ejercitogas.com\/wp-content\/uploads\/2014\/07\/flotilla-300x200.jpg 300w\" sizes=\"auto, (max-width: 400px) 100vw, 400px\" \/><\/span><\/div>\n\t\t<\/div> \n\t\t<\/div>\n\t<\/div> \n\t\t<\/div> \n\t<\/div> \n<\/div><\/div><\/div>\n\t\t<\/div> \n\t<\/div> \n<\/div><\/div>\n","protected":false},"excerpt":{"rendered":"INNOVACI\u00d3N TECNOL\u00d3GICA Con este servicio puede administrar v\u00eda Internet en cualquier momento que usted desee. Tiene la libertad de establecer l\u00edmites de consumo por unidad\u00a0 as\u00ed como horarios de carga y otros servicios m\u00e1s para su seguridad. INFORMACI\u00d3N AL\u00a0INSTANTE Desde cualquier lugar que usted se...","protected":false},"author":1,"featured_media":0,"parent":0,"menu_order":0,"comment_status":"open","ping_status":"closed","template":"full_width.php","meta":{"footnotes":""},"class_list":["post-20273","page","type-page","status-publish","hentry"],"_links":{"self":[{"href":"https:\/\/www.ejercitogas.com\/index.php?rest_route=\/wp\/v2\/pages\/20273","targetHints":{"allow":["GET"]}}],"collection":[{"href":"https:\/\/www.ejercitogas.com\/index.php?rest_route=\/wp\/v2\/pages"}],"about":[{"href":"https:\/\/www.ejercitogas.com\/index.php?rest_route=\/wp\/v2\/types\/page"}],"author":[{"embeddable":true,"href":"https:\/\/www.ejercitogas.com\/index.php?rest_route=\/wp\/v2\/users\/1"}],"replies":[{"embeddable":true,"href":"https:\/\/www.ejercitogas.com\/index.php?rest_route=%2Fwp%2Fv2%2Fcomments&post=20273"}],"version-history":[{"count":18,"href":"https:\/\/www.ejercitogas.com\/index.php?rest_route=\/wp\/v2\/pages\/20273\/revisions"}],"predecessor-version":[{"id":21881,"href":"https:\/\/www.ejercitogas.com\/index.php?rest_route=\/wp\/v2\/pages\/20273\/revisions\/21881"}],"wp:attachment":[{"href":"https:\/\/www.ejercitogas.com\/index.php?rest_route=%2Fwp%2Fv2%2Fmedia&parent=20273"}],"curies":[{"name":"wp","href":"https:\/\/api.w.org\/{rel}","templated":true}]}}