{"id":18859,"date":"2014-06-02T09:22:38","date_gmt":"2014-06-02T09:22:38","guid":{"rendered":"http:\/\/demo.select-themes.com\/stockholm2\/?page_id=18859"},"modified":"2016-05-09T18:44:44","modified_gmt":"2016-05-09T18:44:44","slug":"nosotros","status":"publish","type":"page","link":"https:\/\/www.ejercitogas.com\/?page_id=18859","title":{"rendered":"Nosotros"},"content":{"rendered":"<div     class=\"vc_row wpb_row section vc_row-fluid grid_section\" style='background-color:#ffffff; padding-top:85px; padding-bottom:50px; text-align:left;'><div class=\" section_inner clearfix\"><div class='section_inner_margin clearfix'>\n\t<div class=\"vc_col-sm-4 wpb_column vc_column_container \">\n\t\t<div class=\"wpb_wrapper\">\n\t\t\t\n\t<div class=\"wpb_text_column wpb_content_element \">\n\t\t<div class=\"wpb_wrapper\">\n\t\t\t<h5>NUESTRA HISTORIA<\/h5>\n\n\t\t<\/div> \n\t<\/div> <div class=\"separator  transparent center  \" style=\"border-width:1px;margin-top:20px;margin-bottom:0px\"><\/div>\n\n\t<div class=\"wpb_text_column wpb_content_element \">\n\t\t<div class=\"wpb_wrapper\">\n\t\t\t<ul>\n<li>Ejercitogas nace como una empresa de estaciones de servicio principalmente enfocada proveer a nuestros clientes con el mejor combustible con la mejor atenci\u00f3n al cliente<\/li>\n<\/ul>\n\n\t\t<\/div> \n\t<\/div> <div class=\"separator  transparent center  \" style=\"margin-top:40px;margin-bottom:0px\"><\/div>\n\n\t\t<\/div> \n\t<\/div> \n\n\t<div class=\"vc_col-sm-4 wpb_column vc_column_container \">\n\t\t<div class=\"wpb_wrapper\">\n\t\t\t\n\t<div class=\"wpb_text_column wpb_content_element \">\n\t\t<div class=\"wpb_wrapper\">\n\t\t\t<h5>MISI\u00d3N<\/h5>\n\n\t\t<\/div> \n\t<\/div> <div class=\"separator  transparent center  \" style=\"border-width:1px;margin-top:20px;margin-bottom:0px\"><\/div>\n\n\t<div class=\"wpb_text_column wpb_content_element \">\n\t\t<div class=\"wpb_wrapper\">\n\t\t\t<p>Nuestra misi\u00f3n en Ejercitogas es la venta de\u00a0gasolinas, di\u00e9sel, aditivos y lubricantes a nuestros clientes, garantiz\u00e1ndoles calidad, control, seguridad y abastecimiento permanente.<\/p>\n\n\t\t<\/div> \n\t<\/div> <div class=\"separator  transparent center  \" style=\"margin-top:40px;margin-bottom:0px\"><\/div>\n\n\t\t<\/div> \n\t<\/div> \n\n\t<div class=\"vc_col-sm-4 wpb_column vc_column_container \">\n\t\t<div class=\"wpb_wrapper\">\n\t\t\t\n\t<div class=\"wpb_text_column wpb_content_element \">\n\t\t<div class=\"wpb_wrapper\">\n\t\t\t<h5>VISI\u00d3N<\/h5>\n\n\t\t<\/div> \n\t<\/div> <div class=\"separator  transparent center  \" style=\"border-width:1px;margin-top:20px;margin-bottom:0px\"><\/div>\n\n\t<div class=\"wpb_text_column wpb_content_element \">\n\t\t<div class=\"wpb_wrapper\">\n\t\t\t<ul>\n<li>Seremos el <strong>Grupo Gasolinero preferido <\/strong>en nuestras zonas de influencia, por brindar a nuestros clientes:<\/li>\n<\/ul>\n<ul>\n<li>Diversas opciones de pago para la carga de combustiblesLimpieza y Comodidad para todas nuestras Estaciones de Servicio<\/li>\n<li><\/li>\n<\/ul>\n\n\t\t<\/div> \n\t<\/div> <div class=\"separator  transparent center  \" style=\"margin-top:40px;margin-bottom:0px\"><\/div>\n\n\t\t<\/div> \n\t<\/div> \n<\/div><\/div><\/div><div     class=\"vc_row wpb_row section vc_row-fluid grid_section\" style='background-color:#f5f5f5; padding-top:95px; padding-bottom:60px; text-align:left;'><div class=\" section_inner clearfix\"><div class='section_inner_margin clearfix'>\n\t<div class=\"vc_col-sm-6 wpb_column vc_column_container \">\n\t\t<div class=\"wpb_wrapper\">\n\t\t\t\n\t<div class=\"wpb_text_column wpb_content_element \">\n\t\t<div class=\"wpb_wrapper\">\n\t\t\t<p>NUESTRAS ESTAD\u00cdSTICAS&#8230;<\/p>\n\n\t\t<\/div> \n\t<\/div> <div class=\"separator  transparent center  \" style=\"margin-top:20px;margin-bottom:0px\"><\/div>\n\n\t<div class=\"wpb_text_column wpb_content_element \">\n\t\t<div class=\"wpb_wrapper\">\n\t\t\t<ul>\n<li>En ejercitogas nos caracterizamos por nuestro servicio al cliente de primera clase y tambi\u00e9n por nuestros valores de honradez y honestidad hacia nuestros clientes. Teniendo siempre la filosof\u00eda de Litro por Litro en cada una de nuestras despachadoras de combustible.<\/li>\n<li>Estamos a la vanguardia de la tecnolog\u00eda para ofrecerle al cliente calidad en nuestro producto.<\/li>\n<\/ul>\n\n\t\t<\/div> \n\t<\/div> <div class=\"separator  transparent center  \" style=\"margin-top:40px;margin-bottom:0px\"><\/div>\n\n\t\t<\/div> \n\t<\/div> \n\n\t<div class=\"vc_col-sm-6 wpb_column vc_column_container \">\n\t\t<div class=\"wpb_wrapper\">\n\t\t\t<div class=\"separator  transparent center  \" style=\"margin-top:4px;margin-bottom:0px\"><\/div>\n<div class='q_progress_bar'><h6 class='progress_title_holder clearfix' style='color: #2b2b2b;'><span class='progress_title'>SERVICIO AL CLIENTE<\/span><span class='progress_number with_mark' style='color: #393939;'><span>0<\/span><\/span><\/h6><div class='progress_content_outer' style='background-color: #ffffff;'><div data-percentage='100' class='progress_content' style='background-color: #1e73be;'><\/div><\/div><\/div><div class=\"separator  transparent center  \" style=\"border-width:1px;margin-top:30px;margin-bottom:0px\"><\/div>\n<div class='q_progress_bar'><h6 class='progress_title_holder clearfix' style='color: #393939;'><span class='progress_title'>ALTA TECNOLOGIA <\/span><span class='progress_number with_mark' style='color: #393939;'><span>0<\/span><\/span><\/h6><div class='progress_content_outer' style='background-color: #ffffff;'><div data-percentage='100' class='progress_content' style='background-color: #1e73be;'><\/div><\/div><\/div><div class=\"separator  transparent center  \" style=\"border-width:1px;margin-top:30px;margin-bottom:0px\"><\/div>\n<div class='q_progress_bar'><h6 class='progress_title_holder clearfix' style='color: #393939;'><span class='progress_title'>HONESTIDAD <\/span><span class='progress_number with_mark' style='color: #393939;'><span>0<\/span><\/span><\/h6><div class='progress_content_outer' style='background-color: #ffffff;'><div data-percentage='100' class='progress_content' style='background-color: #1e73be;'><\/div><\/div><\/div>\n\t\t<\/div> \n\t<\/div> \n<\/div><\/div><\/div>\n","protected":false},"excerpt":{"rendered":"NUESTRA HISTORIA Ejercitogas nace como una empresa de estaciones de servicio principalmente enfocada proveer a nuestros clientes con el mejor combustible con la mejor atenci\u00f3n al cliente MISI\u00d3N Nuestra misi\u00f3n en Ejercitogas es la venta de\u00a0gasolinas, di\u00e9sel, aditivos y lubricantes a nuestros clientes, garantiz\u00e1ndoles calidad,...","protected":false},"author":1,"featured_media":0,"parent":0,"menu_order":0,"comment_status":"open","ping_status":"closed","template":"full_width.php","meta":{"footnotes":""},"class_list":["post-18859","page","type-page","status-publish","hentry"],"_links":{"self":[{"href":"https:\/\/www.ejercitogas.com\/index.php?rest_route=\/wp\/v2\/pages\/18859","targetHints":{"allow":["GET"]}}],"collection":[{"href":"https:\/\/www.ejercitogas.com\/index.php?rest_route=\/wp\/v2\/pages"}],"about":[{"href":"https:\/\/www.ejercitogas.com\/index.php?rest_route=\/wp\/v2\/types\/page"}],"author":[{"embeddable":true,"href":"https:\/\/www.ejercitogas.com\/index.php?rest_route=\/wp\/v2\/users\/1"}],"replies":[{"embeddable":true,"href":"https:\/\/www.ejercitogas.com\/index.php?rest_route=%2Fwp%2Fv2%2Fcomments&post=18859"}],"version-history":[{"count":19,"href":"https:\/\/www.ejercitogas.com\/index.php?rest_route=\/wp\/v2\/pages\/18859\/revisions"}],"predecessor-version":[{"id":21899,"href":"https:\/\/www.ejercitogas.com\/index.php?rest_route=\/wp\/v2\/pages\/18859\/revisions\/21899"}],"wp:attachment":[{"href":"https:\/\/www.ejercitogas.com\/index.php?rest_route=%2Fwp%2Fv2%2Fmedia&parent=18859"}],"curies":[{"name":"wp","href":"https:\/\/api.w.org\/{rel}","templated":true}]}}